{"id":3827,"date":"2022-02-08T09:32:11","date_gmt":"2022-02-08T08:32:11","guid":{"rendered":"https:\/\/maril.nl\/elektrisches-fahren\/"},"modified":"2022-09-27T11:44:36","modified_gmt":"2022-09-27T09:44:36","slug":"elektrisches-fahren","status":"publish","type":"page","link":"https:\/\/maril.nl\/de\/elektrisches-fahren\/","title":{"rendered":"Elektrisches Fahren mit Maril"},"content":{"rendered":"<div class=\"eplus-8q9tJL wp-block-cover alignfull is-light eplus-wrapper eplus-styles-uid-692e51\"><span aria-hidden=\"true\" class=\"wp-block-cover__gradient-background has-background-dim\"><\/span><img loading=\"lazy\" decoding=\"async\" width=\"2000\" height=\"1333\" class=\"wp-block-cover__image-background wp-image-3716\" alt=\"\" src=\"https:\/\/maril.nl:443\/content\/uploads\/sites\/2\/2021\/09\/Maril-7-NXT-sloep_2000pix_01.jpg\" style=\"object-position:49% 64%\" data-object-fit=\"cover\" data-object-position=\"49% 64%\" srcset=\"https:\/\/maril.nl:443\/content\/uploads\/sites\/2\/2021\/09\/Maril-7-NXT-sloep_2000pix_01.jpg 2000w, https:\/\/maril.nl:443\/content\/uploads\/sites\/2\/2021\/09\/Maril-7-NXT-sloep_2000pix_01-300x200.jpg 300w, https:\/\/maril.nl:443\/content\/uploads\/sites\/2\/2021\/09\/Maril-7-NXT-sloep_2000pix_01-1024x682.jpg 1024w, https:\/\/maril.nl:443\/content\/uploads\/sites\/2\/2021\/09\/Maril-7-NXT-sloep_2000pix_01-768x512.jpg 768w, https:\/\/maril.nl:443\/content\/uploads\/sites\/2\/2021\/09\/Maril-7-NXT-sloep_2000pix_01-1536x1024.jpg 1536w, https:\/\/maril.nl:443\/content\/uploads\/sites\/2\/2021\/09\/Maril-7-NXT-sloep_2000pix_01-1568x1045.jpg 1568w\" sizes=\"auto, (max-width: 2000px) 100vw, 2000px\" \/><div class=\"wp-block-cover__inner-container is-layout-flow wp-block-cover-is-layout-flow\"><div class=\"eplus-YLy1lp wp-block-group eplus-wrapper eplus-styles-uid-6599f3\"><div class=\"wp-block-group__inner-container is-layout-flow wp-block-group-is-layout-flow\"><h2 class=\"eplus-MHeWjg eplus-wrapper wp-block-heading eplus-styles-uid-bf17fa\"><strong>Elektrisches Fahren mit Maril<\/strong><\/h2>\n\n<p class=\"eplus-IIXedn has-text-align-left eplus-wrapper eplus-styles-uid-74e56b\"> In aller Ruhe das Wasser um dich herum genie\u00dfen<\/p><\/div><\/div><\/div><\/div><div class=\"eplus-JbuJM0 wp-block-columns are-vertically-aligned-center eplus-wrapper is-layout-flex wp-container-core-columns-is-layout-9d6595d7 wp-block-columns-is-layout-flex eplus-styles-uid-58bef9\"><div class=\"eplus-gcFtMr wp-block-column is-vertically-aligned-center eplus-wrapper is-layout-flow wp-block-column-is-layout-flow eplus-styles-uid-2c41fb\"><h2 class=\"eplus-Ybq4Ku eplus-wrapper wp-block-heading eplus-styles-uid-2c41fb\"><strong>Elektrisches Fahren: ein wunderbares Fahrterlebnis<\/strong><\/h2><\/div>\n\n<div class=\"eplus-ZXCsJE wp-block-column is-vertically-aligned-center eplus-wrapper is-layout-flow wp-block-column-is-layout-flow eplus-styles-uid-2c41fb\"><p class=\"eplus-mUfKF5 has-gray-color has-text-color eplus-wrapper eplus-styles-uid-2c41fb\">Bei Aquatec stehen Umwelt und Nachhaltigkeit an erster Stelle. Deshalb wollen wir das elektrische Fahren st\u00e4rker in den Vordergrund r\u00fccken. Unser Schwerpunkt liegt nach wie vor auf Innovation, Komfort, Entspannung und darauf, unseren Kunden ein wunderbares Fahrerlebnis zu bieten. So wie Sie es von uns gewohnt sind.<\/p><\/div><\/div><div class=\"eplus-Rrp7bx wp-block-columns eplus-wrapper is-layout-flex wp-container-core-columns-is-layout-9d6595d7 wp-block-columns-is-layout-flex eplus-styles-uid-39441d\"><div class=\"eplus-oF7uDp wp-block-column eplus-wrapper is-layout-flow wp-block-column-is-layout-flow eplus-styles-uid-2c41fb\"><figure class=\"eplus-64zoQl wp-block-image size-large eplus-wrapper eplus-styles-uid-2c41fb\"><img loading=\"lazy\" decoding=\"async\" width=\"2000\" height=\"1331\" src=\"https:\/\/maril.nl:443\/content\/uploads\/sites\/2\/2021\/09\/Maril-6-nxt-6-next-sloep-00002.jpg\" alt=\"Maril 6NXT\" class=\"wp-image-3515\" srcset=\"https:\/\/maril.nl:443\/content\/uploads\/sites\/2\/2021\/09\/Maril-6-nxt-6-next-sloep-00002.jpg 2000w, https:\/\/maril.nl:443\/content\/uploads\/sites\/2\/2021\/09\/Maril-6-nxt-6-next-sloep-00002-300x200.jpg 300w, https:\/\/maril.nl:443\/content\/uploads\/sites\/2\/2021\/09\/Maril-6-nxt-6-next-sloep-00002-1024x681.jpg 1024w, https:\/\/maril.nl:443\/content\/uploads\/sites\/2\/2021\/09\/Maril-6-nxt-6-next-sloep-00002-768x511.jpg 768w, https:\/\/maril.nl:443\/content\/uploads\/sites\/2\/2021\/09\/Maril-6-nxt-6-next-sloep-00002-1536x1022.jpg 1536w, https:\/\/maril.nl:443\/content\/uploads\/sites\/2\/2021\/09\/Maril-6-nxt-6-next-sloep-00002-1568x1044.jpg 1568w\" sizes=\"auto, (max-width: 2000px) 100vw, 2000px\" \/><\/figure>\n\n<h3 class=\"eplus-eRzxYT eplus-wrapper wp-block-heading eplus-styles-uid-fdae5c\"><strong><strong>Wie lange kann ich fahren?<\/strong><\/strong><\/h3>\n\n<p class=\"eplus-0c1RqD has-gray-color has-text-color eplus-wrapper eplus-styles-uid-ac9654\">Wenn Sie wollen, k\u00f6nnen Sie den ganzen Tag auf einer Antaris-Schaluppe mit Elektroantrieb fahren. Dies bezieht sich auf die Reisegeschwindigkeit, nicht auf die H\u00f6chstgeschwindigkeit. Ein Tag auf dem Wasser ist oft mehr als nur mit dem Motor fahren. Wir ankern auch, gehen schwimmen, lesen, besuchen ein Dorf oder ein Caf\u00e9. M\u00f6chten Sie einmal erleben, wie es ist, eine elektrische Antaris-Schaluppe zu fahren? Nehmen Sie <a href=\"https:\/\/maril.nl\/de\/kontakt\/\">Kontakt mit uns auf<\/a> f\u00fcr die M\u00f6glichkeiten einer Probefahrt.<\/p><\/div>\n\n<div class=\"eplus-Yo8x1z wp-block-column eplus-wrapper is-layout-flow wp-block-column-is-layout-flow eplus-styles-uid-2c41fb\"><figure class=\"eplus-m8J4JJ wp-block-image size-large eplus-wrapper eplus-styles-uid-2c41fb\"><img loading=\"lazy\" decoding=\"async\" width=\"2560\" height=\"1707\" src=\"https:\/\/maril.nl\/content\/uploads\/sites\/2\/2021\/09\/Maril-625-sloep-varend-111-scaled.jpg\" alt=\"\" class=\"wp-image-221\" srcset=\"https:\/\/maril.nl:443\/content\/uploads\/sites\/2\/2021\/09\/Maril-625-sloep-varend-111-scaled.jpg 2560w, https:\/\/maril.nl:443\/content\/uploads\/sites\/2\/2021\/09\/Maril-625-sloep-varend-111-300x200.jpg 300w, https:\/\/maril.nl:443\/content\/uploads\/sites\/2\/2021\/09\/Maril-625-sloep-varend-111-1024x683.jpg 1024w, https:\/\/maril.nl:443\/content\/uploads\/sites\/2\/2021\/09\/Maril-625-sloep-varend-111-768x512.jpg 768w, https:\/\/maril.nl:443\/content\/uploads\/sites\/2\/2021\/09\/Maril-625-sloep-varend-111-1536x1024.jpg 1536w, https:\/\/maril.nl:443\/content\/uploads\/sites\/2\/2021\/09\/Maril-625-sloep-varend-111-2048x1365.jpg 2048w, https:\/\/maril.nl:443\/content\/uploads\/sites\/2\/2021\/09\/Maril-625-sloep-varend-111-1568x1045.jpg 1568w\" sizes=\"auto, (max-width: 2560px) 100vw, 2560px\" \/><\/figure>\n\n<h3 class=\"eplus-PBNzdy eplus-wrapper wp-block-heading eplus-styles-uid-fdae5c\"><strong><strong>Wie lange dauert das Laden?<\/strong><\/strong><\/h3>\n\n<p class=\"eplus-ERwRL2 has-gray-color has-text-color eplus-wrapper eplus-styles-uid-ac9654\">Egal, f\u00fcr welches Akkupaket oder welchen Elektromotor Sie sich entscheiden, egal, wie lange Sie fahren wollen, Sie k\u00f6nnen immer in einer Nacht vollst\u00e4ndig aufladen. Wenn Sie Ihre Antaris-Schaluppe abends an den Landstrom anschlie\u00dfen, ist sie am n\u00e4chsten Morgen wieder zu 100 % aufgeladen. Es spielt keine Rolle, welche Akku-Kapazit\u00e4t Sie w\u00e4hlen. Je gr\u00f6\u00dfer die Akku-Kapazit\u00e4t ist, desto gr\u00f6\u00dfer ist auch die Ladekapazit\u00e4t des entsprechenden Ladeger\u00e4ts.<\/p><\/div><\/div><div class=\"wp-block-downloads eplus-xNSUuC wp-block-group eplus-wrapper eplus-styles-uid-fb3210\"><div class=\"wp-block-group__inner-container is-layout-flow wp-block-group-is-layout-flow\"><div class=\"eplus-SwoXej wp-block-group eplus-wrapper eplus-styles-uid-413d53\"><div class=\"wp-block-group__inner-container is-layout-flow wp-block-group-is-layout-flow\">\n<h2 class=\"eplus-nn7I4N has-text-align-center eplus-wrapper wp-block-heading\"><strong>Merkblatt<\/strong> <strong>herunterladen<\/strong><\/h2>\n\n\n\n<p class=\"eplus-Ix8Wqt eplus-wrapper\">Weitere Informationen \u00fcber die M\u00f6glichkeiten finden Sie in unserer Brosch\u00fcre, die Sie \u00fcber den unten stehenden Link herunterladen k\u00f6nnen:<\/p>\n<\/div><\/div>\n\n\n<div class=\"eplus-X3UFnI wp-block-file eplus-wrapper\"><a id=\"wp-block-file--media-70a3ee95-55a5-4920-a614-75289fdc2a80\" href=\"https:\/\/maril.nl:443\/content\/uploads\/sites\/2\/2022\/02\/Elektrisch-varen-brochure-ONLINE.pdf\">Elektrisches Fahren Merkblatt<\/a><a href=\"https:\/\/maril.nl:443\/content\/uploads\/sites\/2\/2022\/02\/Elektrisch-varen-brochure-ONLINE.pdf\" class=\"wp-block-file__button\" download=\"\" aria-describedby=\"wp-block-file--media-70a3ee95-55a5-4920-a614-75289fdc2a80\">herunterladen<\/a><\/div>\n<\/div><\/div><div class=\"wp-block-media-banner -right eplus-P6Ncti wp-block-columns alignwide are-vertically-aligned-bottom eplus-wrapper is-layout-flex wp-container-core-columns-is-layout-9d6595d7 wp-block-columns-is-layout-flex eplus-styles-uid-0337dd\">\n<div class=\"eplus-0QNMWw wp-block-column is-vertically-aligned-bottom eplus-wrapper is-layout-flow wp-block-column-is-layout-flow\" style=\"flex-basis:66.66%\"><div class=\"has-media eplus-e9Q2Ry wp-block-cover is-light eplus-wrapper eplus-styles-uid-7ab3d4\"><span aria-hidden=\"true\" class=\"has-background-dim-0 wp-block-cover__gradient-background has-background-dim\"><\/span><img loading=\"lazy\" decoding=\"async\" width=\"2000\" height=\"1333\" class=\"wp-block-cover__image-background wp-image-3876\" alt=\"Maril 7NXT\" src=\"https:\/\/maril.nl:443\/content\/uploads\/sites\/2\/2021\/09\/Maril-7-NXT-sloep_2000pix_02.jpg\" style=\"object-position:48% 66%\" data-object-fit=\"cover\" data-object-position=\"48% 66%\" srcset=\"https:\/\/maril.nl:443\/content\/uploads\/sites\/2\/2021\/09\/Maril-7-NXT-sloep_2000pix_02.jpg 2000w, https:\/\/maril.nl:443\/content\/uploads\/sites\/2\/2021\/09\/Maril-7-NXT-sloep_2000pix_02-300x200.jpg 300w, https:\/\/maril.nl:443\/content\/uploads\/sites\/2\/2021\/09\/Maril-7-NXT-sloep_2000pix_02-1024x682.jpg 1024w, https:\/\/maril.nl:443\/content\/uploads\/sites\/2\/2021\/09\/Maril-7-NXT-sloep_2000pix_02-768x512.jpg 768w, https:\/\/maril.nl:443\/content\/uploads\/sites\/2\/2021\/09\/Maril-7-NXT-sloep_2000pix_02-1536x1024.jpg 1536w, https:\/\/maril.nl:443\/content\/uploads\/sites\/2\/2021\/09\/Maril-7-NXT-sloep_2000pix_02-1568x1045.jpg 1568w\" sizes=\"auto, (max-width: 2000px) 100vw, 2000px\" \/><div class=\"wp-block-cover__inner-container is-layout-flow wp-block-cover-is-layout-flow\">\n<p class=\"eplus-0lptHa has-text-align-center has-large-font-size eplus-wrapper\"><\/p>\n<\/div><\/div><\/div>\n\n\n<div class=\"eplus-9cAmyu wp-block-column is-vertically-aligned-bottom eplus-wrapper is-layout-flow wp-block-column-is-layout-flow eplus-styles-uid-092a24\" style=\"flex-basis:33.33%\"><h2 class=\"eplus-tfTEV1 eplus-wrapper wp-block-heading eplus-styles-uid-304961\"><strong>Planen Sie einen Besuch<\/strong><\/h2>\n\n<p class=\"eplus-raSUuz eplus-wrapper eplus-styles-uid-2faf7a\">Und erleben Sie unseren Ausstellungsraum<\/p>\n\n<p class=\"eplus-kmxOGD eplus-wrapper eplus-styles-uid-cc372f\">Nehmen Sie <a href=\"https:\/\/maril.nl\/de\/kontakt\/\">Kontakt<\/a>  mit uns auf, f\u00fcr einen Termin oder eine Probefahrt:<\/p>\n\n\n<p class=\"eplus-X84XPs eplus-wrapper\">+31 514 596 270    \/    info@aquatec.frl<\/p>\n<\/div><\/div>","protected":false},"excerpt":{"rendered":"<p>Elektrisches Fahren: ein wunderbares Fahrterlebnis Bei Aquatec stehen Umwelt und Nachhaltigkeit an erster Stelle. Deshalb wollen wir das elektrische Fahren st\u00e4rker in den Vordergrund r\u00fccken. Unser Schwerpunkt liegt nach wie vor auf Innovation, Komfort, Entspannung und darauf, unseren Kunden ein wunderbares Fahrerlebnis zu bieten. So wie Sie es von uns gewohnt sind. Wie lange kann&hellip; <a class=\"more-link\" href=\"https:\/\/maril.nl\/de\/elektrisches-fahren\/\">Continue reading <span class=\"screen-reader-text\">Elektrisches Fahren mit Maril<\/span><\/a><\/p>\n","protected":false},"author":1,"featured_media":0,"parent":0,"menu_order":57,"comment_status":"closed","ping_status":"closed","template":"","meta":{"_aqu_models_start_price":"","_aqu_models_persons":0,"_aqu_models_engine_specifications":"","_aqu_models_engine_type":"","_aqu_models_length":"","_aqu_models_height":"","_aqu_models_width":"","_aqu_models_kwh":"","_aqu_models_image":"","editor_plus_copied_stylings":"{}","footnotes":""},"folder":[],"class_list":["post-3827","page","type-page","status-publish","hentry","entry"],"yoast_head":"<!-- This site is optimized with the Yoast SEO plugin v26.8 - https:\/\/yoast.com\/product\/yoast-seo-wordpress\/ -->\n<title>Elektrisches Fahren mit Maril - Maril<\/title>\n<meta name=\"description\" content=\"Elektrisches Fahren mit Antaris: Unser Schwerpunkt liegt nach wie vor auf Innovation, Komfort, Entspannung und ein wunderbares Fahrerlebnis.\" \/>\n<meta name=\"robots\" content=\"index, follow, max-snippet:-1, max-image-preview:large, max-video-preview:-1\" \/>\n<link rel=\"canonical\" href=\"https:\/\/maril.nl\/de\/elektrisches-fahren\/\" \/>\n<meta property=\"og:locale\" content=\"de_DE\" \/>\n<meta property=\"og:type\" content=\"article\" \/>\n<meta property=\"og:title\" content=\"Elektrisches Fahren mit Maril - Maril\" \/>\n<meta property=\"og:description\" content=\"Elektrisches Fahren mit Antaris: Unser Schwerpunkt liegt nach wie vor auf Innovation, Komfort, Entspannung und ein wunderbares Fahrerlebnis.\" \/>\n<meta property=\"og:url\" content=\"https:\/\/maril.nl\/de\/elektrisches-fahren\/\" \/>\n<meta property=\"og:site_name\" content=\"Maril\" \/>\n<meta property=\"article:publisher\" content=\"https:\/\/www.facebook.com\/Marilsloepen\" \/>\n<meta property=\"article:modified_time\" content=\"2022-09-27T09:44:36+00:00\" \/>\n<meta property=\"og:image\" content=\"https:\/\/maril.nl\/content\/uploads\/sites\/2\/2021\/09\/Maril-7-NXT-sloep_2000pix_01.jpg\" \/>\n<meta name=\"twitter:card\" content=\"summary_large_image\" \/>\n<meta name=\"twitter:site\" content=\"@MarilBoats\" \/>\n<meta name=\"twitter:label1\" content=\"Est. reading time\" \/>\n\t<meta name=\"twitter:data1\" content=\"3 minutes\" \/>\n<script type=\"application\/ld+json\" class=\"yoast-schema-graph\">{\"@context\":\"https:\/\/schema.org\",\"@graph\":[{\"@type\":\"WebPage\",\"@id\":\"https:\/\/maril.nl\/de\/elektrisches-fahren\/\",\"url\":\"https:\/\/maril.nl\/de\/elektrisches-fahren\/\",\"name\":\"Elektrisches Fahren mit Maril - Maril\",\"isPartOf\":{\"@id\":\"https:\/\/maril.nl\/de\/#website\"},\"primaryImageOfPage\":{\"@id\":\"https:\/\/maril.nl\/de\/elektrisches-fahren\/#primaryimage\"},\"image\":{\"@id\":\"https:\/\/maril.nl\/de\/elektrisches-fahren\/#primaryimage\"},\"thumbnailUrl\":\"https:\/\/maril.nl:443\/content\/uploads\/sites\/2\/2021\/09\/Maril-7-NXT-sloep_2000pix_01.jpg\",\"datePublished\":\"2022-02-08T08:32:11+00:00\",\"dateModified\":\"2022-09-27T09:44:36+00:00\",\"description\":\"Elektrisches Fahren mit Antaris: Unser Schwerpunkt liegt nach wie vor auf Innovation, Komfort, Entspannung und ein wunderbares Fahrerlebnis.\",\"breadcrumb\":{\"@id\":\"https:\/\/maril.nl\/de\/elektrisches-fahren\/#breadcrumb\"},\"inLanguage\":\"de-DE\",\"potentialAction\":[{\"@type\":\"ReadAction\",\"target\":[\"https:\/\/maril.nl\/de\/elektrisches-fahren\/\"]}]},{\"@type\":\"ImageObject\",\"inLanguage\":\"de-DE\",\"@id\":\"https:\/\/maril.nl\/de\/elektrisches-fahren\/#primaryimage\",\"url\":\"https:\/\/maril.nl:443\/content\/uploads\/sites\/2\/2021\/09\/Maril-7-NXT-sloep_2000pix_01.jpg\",\"contentUrl\":\"https:\/\/maril.nl:443\/content\/uploads\/sites\/2\/2021\/09\/Maril-7-NXT-sloep_2000pix_01.jpg\"},{\"@type\":\"BreadcrumbList\",\"@id\":\"https:\/\/maril.nl\/de\/elektrisches-fahren\/#breadcrumb\",\"itemListElement\":[{\"@type\":\"ListItem\",\"position\":1,\"name\":\"Home\",\"item\":\"https:\/\/maril.nl\/de\/\"},{\"@type\":\"ListItem\",\"position\":2,\"name\":\"Elektrisches Fahren mit Maril\"}]},{\"@type\":\"WebSite\",\"@id\":\"https:\/\/maril.nl\/de\/#website\",\"url\":\"https:\/\/maril.nl\/de\/\",\"name\":\"Maril\",\"description\":\"Kiezen voor vertrouwen\",\"publisher\":{\"@id\":\"https:\/\/maril.nl\/de\/#organization\"},\"potentialAction\":[{\"@type\":\"SearchAction\",\"target\":{\"@type\":\"EntryPoint\",\"urlTemplate\":\"https:\/\/maril.nl\/de\/?s={search_term_string}\"},\"query-input\":{\"@type\":\"PropertyValueSpecification\",\"valueRequired\":true,\"valueName\":\"search_term_string\"}}],\"inLanguage\":\"de-DE\"},{\"@type\":\"Organization\",\"@id\":\"https:\/\/maril.nl\/de\/#organization\",\"name\":\"Maril\",\"url\":\"https:\/\/maril.nl\/de\/\",\"logo\":{\"@type\":\"ImageObject\",\"inLanguage\":\"de-DE\",\"@id\":\"https:\/\/maril.nl\/de\/#\/schema\/logo\/image\/\",\"url\":\"https:\/\/maril.nl:443\/content\/uploads\/sites\/2\/2021\/07\/maril.png\",\"contentUrl\":\"https:\/\/maril.nl:443\/content\/uploads\/sites\/2\/2021\/07\/maril.png\",\"width\":360,\"height\":96,\"caption\":\"Maril\"},\"image\":{\"@id\":\"https:\/\/maril.nl\/de\/#\/schema\/logo\/image\/\"},\"sameAs\":[\"https:\/\/www.facebook.com\/Marilsloepen\",\"https:\/\/x.com\/MarilBoats\",\"https:\/\/www.instagram.com\/marilboats\/\",\"https:\/\/www.youtube.com\/channel\/UCnnRWdfwcidTArpRD_4j6bg\"]}]}<\/script>\n<!-- \/ Yoast SEO plugin. -->","yoast_head_json":{"title":"Elektrisches Fahren mit Maril - Maril","description":"Elektrisches Fahren mit Antaris: Unser Schwerpunkt liegt nach wie vor auf Innovation, Komfort, Entspannung und ein wunderbares Fahrerlebnis.","robots":{"index":"index","follow":"follow","max-snippet":"max-snippet:-1","max-image-preview":"max-image-preview:large","max-video-preview":"max-video-preview:-1"},"canonical":"https:\/\/maril.nl\/de\/elektrisches-fahren\/","og_locale":"de_DE","og_type":"article","og_title":"Elektrisches Fahren mit Maril - Maril","og_description":"Elektrisches Fahren mit Antaris: Unser Schwerpunkt liegt nach wie vor auf Innovation, Komfort, Entspannung und ein wunderbares Fahrerlebnis.","og_url":"https:\/\/maril.nl\/de\/elektrisches-fahren\/","og_site_name":"Maril","article_publisher":"https:\/\/www.facebook.com\/Marilsloepen","article_modified_time":"2022-09-27T09:44:36+00:00","og_image":[{"url":"https:\/\/maril.nl\/content\/uploads\/sites\/2\/2021\/09\/Maril-7-NXT-sloep_2000pix_01.jpg","type":"","width":"","height":""}],"twitter_card":"summary_large_image","twitter_site":"@MarilBoats","twitter_misc":{"Est. reading time":"3 minutes"},"schema":{"@context":"https:\/\/schema.org","@graph":[{"@type":"WebPage","@id":"https:\/\/maril.nl\/de\/elektrisches-fahren\/","url":"https:\/\/maril.nl\/de\/elektrisches-fahren\/","name":"Elektrisches Fahren mit Maril - Maril","isPartOf":{"@id":"https:\/\/maril.nl\/de\/#website"},"primaryImageOfPage":{"@id":"https:\/\/maril.nl\/de\/elektrisches-fahren\/#primaryimage"},"image":{"@id":"https:\/\/maril.nl\/de\/elektrisches-fahren\/#primaryimage"},"thumbnailUrl":"https:\/\/maril.nl:443\/content\/uploads\/sites\/2\/2021\/09\/Maril-7-NXT-sloep_2000pix_01.jpg","datePublished":"2022-02-08T08:32:11+00:00","dateModified":"2022-09-27T09:44:36+00:00","description":"Elektrisches Fahren mit Antaris: Unser Schwerpunkt liegt nach wie vor auf Innovation, Komfort, Entspannung und ein wunderbares Fahrerlebnis.","breadcrumb":{"@id":"https:\/\/maril.nl\/de\/elektrisches-fahren\/#breadcrumb"},"inLanguage":"de-DE","potentialAction":[{"@type":"ReadAction","target":["https:\/\/maril.nl\/de\/elektrisches-fahren\/"]}]},{"@type":"ImageObject","inLanguage":"de-DE","@id":"https:\/\/maril.nl\/de\/elektrisches-fahren\/#primaryimage","url":"https:\/\/maril.nl:443\/content\/uploads\/sites\/2\/2021\/09\/Maril-7-NXT-sloep_2000pix_01.jpg","contentUrl":"https:\/\/maril.nl:443\/content\/uploads\/sites\/2\/2021\/09\/Maril-7-NXT-sloep_2000pix_01.jpg"},{"@type":"BreadcrumbList","@id":"https:\/\/maril.nl\/de\/elektrisches-fahren\/#breadcrumb","itemListElement":[{"@type":"ListItem","position":1,"name":"Home","item":"https:\/\/maril.nl\/de\/"},{"@type":"ListItem","position":2,"name":"Elektrisches Fahren mit Maril"}]},{"@type":"WebSite","@id":"https:\/\/maril.nl\/de\/#website","url":"https:\/\/maril.nl\/de\/","name":"Maril","description":"Kiezen voor vertrouwen","publisher":{"@id":"https:\/\/maril.nl\/de\/#organization"},"potentialAction":[{"@type":"SearchAction","target":{"@type":"EntryPoint","urlTemplate":"https:\/\/maril.nl\/de\/?s={search_term_string}"},"query-input":{"@type":"PropertyValueSpecification","valueRequired":true,"valueName":"search_term_string"}}],"inLanguage":"de-DE"},{"@type":"Organization","@id":"https:\/\/maril.nl\/de\/#organization","name":"Maril","url":"https:\/\/maril.nl\/de\/","logo":{"@type":"ImageObject","inLanguage":"de-DE","@id":"https:\/\/maril.nl\/de\/#\/schema\/logo\/image\/","url":"https:\/\/maril.nl:443\/content\/uploads\/sites\/2\/2021\/07\/maril.png","contentUrl":"https:\/\/maril.nl:443\/content\/uploads\/sites\/2\/2021\/07\/maril.png","width":360,"height":96,"caption":"Maril"},"image":{"@id":"https:\/\/maril.nl\/de\/#\/schema\/logo\/image\/"},"sameAs":["https:\/\/www.facebook.com\/Marilsloepen","https:\/\/x.com\/MarilBoats","https:\/\/www.instagram.com\/marilboats\/","https:\/\/www.youtube.com\/channel\/UCnnRWdfwcidTArpRD_4j6bg"]}]}},"_links":{"self":[{"href":"https:\/\/maril.nl\/de\/wp-json\/wp\/v2\/pages\/3827","targetHints":{"allow":["GET"]}}],"collection":[{"href":"https:\/\/maril.nl\/de\/wp-json\/wp\/v2\/pages"}],"about":[{"href":"https:\/\/maril.nl\/de\/wp-json\/wp\/v2\/types\/page"}],"author":[{"embeddable":true,"href":"https:\/\/maril.nl\/de\/wp-json\/wp\/v2\/users\/1"}],"replies":[{"embeddable":true,"href":"https:\/\/maril.nl\/de\/wp-json\/wp\/v2\/comments?post=3827"}],"version-history":[{"count":10,"href":"https:\/\/maril.nl\/de\/wp-json\/wp\/v2\/pages\/3827\/revisions"}],"predecessor-version":[{"id":7485,"href":"https:\/\/maril.nl\/de\/wp-json\/wp\/v2\/pages\/3827\/revisions\/7485"}],"wp:attachment":[{"href":"https:\/\/maril.nl\/de\/wp-json\/wp\/v2\/media?parent=3827"}],"wp:term":[{"taxonomy":"folder","embeddable":true,"href":"https:\/\/maril.nl\/de\/wp-json\/wp\/v2\/folder?post=3827"}],"curies":[{"name":"wp","href":"https:\/\/api.w.org\/{rel}","templated":true}]}}