{"id":3617,"date":"2022-01-21T11:22:46","date_gmt":"2022-01-21T10:22:46","guid":{"rendered":"https:\/\/maril.nl\/ueberwinterung-und-wartung\/"},"modified":"2022-11-08T10:17:02","modified_gmt":"2022-11-08T09:17:02","slug":"ueberwinterung-und-wartung","status":"publish","type":"page","link":"https:\/\/maril.nl\/de\/ueberwinterung-und-wartung\/","title":{"rendered":"\u00dcberwinterung und Wartung"},"content":{"rendered":"<div class=\"eplus-KOaAQW wp-block-cover alignfull is-light eplus-wrapper eplus-styles-uid-369806\"><span aria-hidden=\"true\" class=\"wp-block-cover__gradient-background has-background-dim\"><\/span><img loading=\"lazy\" decoding=\"async\" width=\"2000\" height=\"1333\" class=\"wp-block-cover__image-background wp-image-3571\" alt=\"Winterstalling Maril sloep\" src=\"https:\/\/maril.nl:443\/content\/uploads\/sites\/2\/2021\/09\/Winterstalling-Aquatec-sloepen-Woudsend-010.jpg\" style=\"object-position:56% 69%\" data-object-fit=\"cover\" data-object-position=\"56% 69%\" srcset=\"https:\/\/maril.nl:443\/content\/uploads\/sites\/2\/2021\/09\/Winterstalling-Aquatec-sloepen-Woudsend-010.jpg 2000w, https:\/\/maril.nl:443\/content\/uploads\/sites\/2\/2021\/09\/Winterstalling-Aquatec-sloepen-Woudsend-010-300x200.jpg 300w, https:\/\/maril.nl:443\/content\/uploads\/sites\/2\/2021\/09\/Winterstalling-Aquatec-sloepen-Woudsend-010-1024x682.jpg 1024w, https:\/\/maril.nl:443\/content\/uploads\/sites\/2\/2021\/09\/Winterstalling-Aquatec-sloepen-Woudsend-010-768x512.jpg 768w, https:\/\/maril.nl:443\/content\/uploads\/sites\/2\/2021\/09\/Winterstalling-Aquatec-sloepen-Woudsend-010-1536x1024.jpg 1536w, https:\/\/maril.nl:443\/content\/uploads\/sites\/2\/2021\/09\/Winterstalling-Aquatec-sloepen-Woudsend-010-1568x1045.jpg 1568w\" sizes=\"auto, (max-width: 2000px) 100vw, 2000px\" \/><div class=\"wp-block-cover__inner-container is-layout-flow wp-block-cover-is-layout-flow\"><div class=\"eplus-fkNGhO wp-block-group eplus-wrapper eplus-styles-uid-6e04a9\"><div class=\"wp-block-group__inner-container is-layout-flow wp-block-group-is-layout-flow\"><h2 class=\"eplus-Lb5b9o eplus-wrapper wp-block-heading eplus-styles-uid-357f8b\"><strong>\u00dcberwinterung und Wartung<\/strong><\/h2>\n\n<p class=\"eplus-WpWOYG has-text-align-left eplus-wrapper eplus-styles-uid-f585de\">Bei Maril werden Sie rundum betreut<\/p><\/div><\/div><\/div><\/div>\n\n<div class=\"eplus-NJreed wp-block-columns are-vertically-aligned-center eplus-wrapper is-layout-flex wp-container-core-columns-is-layout-9d6595d7 wp-block-columns-is-layout-flex eplus-styles-uid-be99a0\">\n<div class=\"eplus-YL12EE wp-block-column is-vertically-aligned-center eplus-wrapper is-layout-flow wp-block-column-is-layout-flow\">\n<h2 class=\"eplus-HjlNrl eplus-wrapper wp-block-heading\"><strong>\u00dcberwinterung und Wartung Ihrer Maril Schaluppe<\/strong><\/h2>\n<\/div>\n\n\n\n<div class=\"eplus-qEnj6R wp-block-column is-vertically-aligned-center eplus-wrapper is-layout-flow wp-block-column-is-layout-flow\">\n<p class=\"eplus-8tyELz eplus-wrapper\">Eine gute Wartung und \u00dcberwinterung ist wichtig f\u00fcr den Erhalt Ihrer Antaris. Eine j\u00e4hrliche Wartung und die \u00dcberwinterung tragen dazu bei. Wer kann Ihre Maril besser instand halten als die Bootswerft, die sie gebaut hat? Bei Maril werden Sie rundum betreut.<\/p>\n<\/div>\n<\/div>\n\n<div class=\"eplus-o2DWDH wp-block-columns eplus-wrapper is-layout-flex wp-container-core-columns-is-layout-9d6595d7 wp-block-columns-is-layout-flex eplus-styles-uid-4bf689\">\n<div class=\"eplus-vL4V5p wp-block-column eplus-wrapper is-layout-flow wp-block-column-is-layout-flow\">\n<figure class=\"eplus-Ftz3go wp-block-image size-large eplus-wrapper\"><img loading=\"lazy\" decoding=\"async\" width=\"2560\" height=\"1703\" src=\"https:\/\/maril.nl\/content\/uploads\/sites\/2\/2021\/09\/160908_Antaris_Maril_Woudsend_500-scaled.jpg\" alt=\"\u00dcberwinterung und Wartung f\u00fcr Schaluppen\" class=\"wp-image-610\" srcset=\"https:\/\/maril.nl:443\/content\/uploads\/sites\/2\/2021\/09\/160908_Antaris_Maril_Woudsend_500-scaled.jpg 2560w, https:\/\/maril.nl:443\/content\/uploads\/sites\/2\/2021\/09\/160908_Antaris_Maril_Woudsend_500-300x200.jpg 300w, https:\/\/maril.nl:443\/content\/uploads\/sites\/2\/2021\/09\/160908_Antaris_Maril_Woudsend_500-1024x681.jpg 1024w, https:\/\/maril.nl:443\/content\/uploads\/sites\/2\/2021\/09\/160908_Antaris_Maril_Woudsend_500-768x511.jpg 768w, https:\/\/maril.nl:443\/content\/uploads\/sites\/2\/2021\/09\/160908_Antaris_Maril_Woudsend_500-1536x1022.jpg 1536w, https:\/\/maril.nl:443\/content\/uploads\/sites\/2\/2021\/09\/160908_Antaris_Maril_Woudsend_500-2048x1363.jpg 2048w, https:\/\/maril.nl:443\/content\/uploads\/sites\/2\/2021\/09\/160908_Antaris_Maril_Woudsend_500-1568x1043.jpg 1568w\" sizes=\"auto, (max-width: 2560px) 100vw, 2560px\" \/><\/figure>\n\n\n<h3 class=\"eplus-ddUX2a eplus-wrapper wp-block-heading eplus-styles-uid-f2fdbe\"><strong>\u00dcberwinterung und Wartung<\/strong> <strong>Schaluppe<\/strong><\/h3>\n\n<p class=\"eplus-51JzSd has-gray-color has-text-color eplus-wrapper eplus-styles-uid-266884\">Bei Maril k\u00f6nnen wir uns sowohl um die \u00dcberwinterung als auch um die Wartung zu k\u00fcmmern. In unserem beheizten Lager liegt Ihre Schaluppe sicher, trocken und gesch\u00fctzt. Ein guter Schutz w\u00e4hrend der Winterzeit ist f\u00fcr Ihre Schaluppe oder Ihr Kaj\u00fctboot sehr wichtig. Dies tr\u00e4gt dazu bei, den Wert Ihres Bootes zu erhalten und die Wartungskosten zu begrenzen. Genie\u00dfen Sie den kompletten Service bei Antaris durch unsere Fachleute.<\/p>\n\n\n<p class=\"eplus-F5clkB eplus-wrapper\"><a href=\"https:\/\/maril.nl\/de\/kontakt\/\">Contact <\/a><\/p>\n<\/div>\n\n\n\n<div class=\"eplus-1fp8ii wp-block-column eplus-wrapper is-layout-flow wp-block-column-is-layout-flow\">\n<figure class=\"eplus-eI3gQu wp-block-image size-large eplus-wrapper\"><img loading=\"lazy\" decoding=\"async\" width=\"2000\" height=\"1333\" src=\"https:\/\/maril.nl:443\/content\/uploads\/sites\/2\/2021\/09\/Winterstalling-Aquatec-sloepen-Woudsend-010.jpg\" alt=\"\u00dcberwinterung\" class=\"wp-image-3571\" srcset=\"https:\/\/maril.nl:443\/content\/uploads\/sites\/2\/2021\/09\/Winterstalling-Aquatec-sloepen-Woudsend-010.jpg 2000w, https:\/\/maril.nl:443\/content\/uploads\/sites\/2\/2021\/09\/Winterstalling-Aquatec-sloepen-Woudsend-010-300x200.jpg 300w, https:\/\/maril.nl:443\/content\/uploads\/sites\/2\/2021\/09\/Winterstalling-Aquatec-sloepen-Woudsend-010-1024x682.jpg 1024w, https:\/\/maril.nl:443\/content\/uploads\/sites\/2\/2021\/09\/Winterstalling-Aquatec-sloepen-Woudsend-010-768x512.jpg 768w, https:\/\/maril.nl:443\/content\/uploads\/sites\/2\/2021\/09\/Winterstalling-Aquatec-sloepen-Woudsend-010-1536x1024.jpg 1536w, https:\/\/maril.nl:443\/content\/uploads\/sites\/2\/2021\/09\/Winterstalling-Aquatec-sloepen-Woudsend-010-1568x1045.jpg 1568w\" sizes=\"auto, (max-width: 2000px) 100vw, 2000px\" \/><\/figure>\n\n\n<h3 class=\"eplus-VZN3TX eplus-wrapper wp-block-heading eplus-styles-uid-f2fdbe\"><strong>Wartung Ihrer Schaluppe bei Maril<\/strong><\/h3>\n\n<p class=\"eplus-3hZOVf has-gray-color has-text-color eplus-wrapper eplus-styles-uid-266884\">Als erfahrener Hersteller von Schaluppen und Kaj\u00fctbooten verf\u00fcgen wir bei Maril \u00fcber das n\u00f6tige Wissen und die Erfahrung, um Ihnen diese Sorge abzunehmen. Neben dem zus\u00e4tzlichen Service, Ihre Schaluppe \u00fcberdacht und an einem beheizten Ort unterzubringen, ist es auch m\u00f6glich, eine Winterwartung durchf\u00fchren zu lassen. Auf diese Weise starten Sie mit einem sauberen und gut gewarteten Boot in die neue Bootssaison.<\/p>\n\n\n<p class=\"eplus-vn1te3 eplus-wrapper\"><a href=\"https:\/\/maril.nl\/de\/kontakt\/\">Contact <\/a><\/p>\n<\/div>\n<\/div>\n\n<div class=\"is-large eplus-e3yiET wp-block-media-text alignwide is-stacked-on-mobile is-image-fill eplus-wrapper eplus-styles-uid-a2998e\"><figure class=\"wp-block-media-text__media\" style=\"background-image:url(https:\/\/maril.nl:443\/content\/uploads\/sites\/2\/2022\/03\/IMG_4864-1024x768.jpg);background-position:50% 50%\"><img loading=\"lazy\" decoding=\"async\" width=\"1024\" height=\"768\" src=\"https:\/\/maril.nl:443\/content\/uploads\/sites\/2\/2022\/03\/IMG_4864-1024x768.jpg\" alt=\"nieuwbouw winterstalling Aquatec woudsend\" class=\"wp-image-5619 size-full\" srcset=\"https:\/\/maril.nl:443\/content\/uploads\/sites\/2\/2022\/03\/IMG_4864-1024x768.jpg 1024w, https:\/\/maril.nl:443\/content\/uploads\/sites\/2\/2022\/03\/IMG_4864-300x225.jpg 300w, https:\/\/maril.nl:443\/content\/uploads\/sites\/2\/2022\/03\/IMG_4864-768x576.jpg 768w, https:\/\/maril.nl:443\/content\/uploads\/sites\/2\/2022\/03\/IMG_4864-1536x1152.jpg 1536w, https:\/\/maril.nl:443\/content\/uploads\/sites\/2\/2022\/03\/IMG_4864-2048x1536.jpg 2048w, https:\/\/maril.nl:443\/content\/uploads\/sites\/2\/2022\/03\/IMG_4864-1568x1176.jpg 1568w\" sizes=\"auto, (max-width: 1024px) 100vw, 1024px\" \/><\/figure><div class=\"wp-block-media-text__content\">\n<h3 class=\"eplus-4FsPD9 eplus-wrapper wp-block-heading\"><strong>Wartung und winterlager bei Maril<\/strong><\/h3>\n\n\n<p class=\"eplus-37M7yP has-text-align-left eplus-wrapper eplus-styles-uid-4351d9\"><mark style=\"background-color:rgba(0, 0, 0, 0)\" class=\"has-inline-color has-black-color\">Neben der (Winter-)Lagerung k\u00f6nnen Sie uns auch f\u00fcr die Wartung Ihres Bootes und Motors kontaktieren. Umfassender Service, der von unseren Fachleuten angeboten wird, einschlie\u00dflich:<\/mark><\/p>\n\n<ul class=\"eplus-wrapper wp-block-list eplus-styles-uid-ec95b2\"><li>Motorenservice (Vetus, Nanni oder Yanmar)<\/li><li>Antifouling<\/li><li>Reinigung und Polieren<\/li><li>Polieren<\/li><li>Polyester-Reparaturen<\/li><\/ul>\n\n\n<p class=\" eplus-wrapper\">Neben der Wartung Ihres Bootes k\u00f6nnen Sie sich auch an Maril wenden:<\/p>\n\n\n<ul class=\"eplus-wrapper wp-block-list eplus-styles-uid-90c948\"><li>Auswechseln der Spr\u00fchhaube<\/li><li>Ersetzen von Kissen<\/li><li>Anbringen eines Biminis<\/li><\/ul>\n\n\n<div class=\"eplus-7Pn0QO wp-block-buttons eplus-wrapper is-layout-flex wp-block-buttons-is-layout-flex\"><div class=\"is-style-theme eplus-4vrSsM wp-block-button eplus-wrapper eplus-styles-uid-eee211\"><a class=\"wp-block-button__link\" href=\"https:\/\/maril.nl\/de\/kontakt\/\">Kontakt<\/a><\/div><\/div>\n<\/div><\/div>\n\n<div class=\"is-large eplus-e3yiET wp-block-media-text alignwide has-media-on-the-right is-stacked-on-mobile is-image-fill eplus-wrapper eplus-styles-uid-a2998e\"><figure class=\"wp-block-media-text__media\" style=\"background-image:url(https:\/\/maril.nl\/content\/uploads\/sites\/2\/2021\/09\/Maril-7-NXT-sloep-20180707-0011.jpg);background-position:38% 54%\"><img loading=\"lazy\" decoding=\"async\" width=\"1200\" height=\"800\" src=\"https:\/\/maril.nl\/content\/uploads\/sites\/2\/2021\/09\/Maril-7-NXT-sloep-20180707-0011.jpg\" alt=\"Maril 7NXT\" class=\"wp-image-3619 size-full\" srcset=\"https:\/\/maril.nl:443\/content\/uploads\/sites\/2\/2021\/09\/Maril-7-NXT-sloep-20180707-0011.jpg 1200w, https:\/\/maril.nl:443\/content\/uploads\/sites\/2\/2021\/09\/Maril-7-NXT-sloep-20180707-0011-300x200.jpg 300w, https:\/\/maril.nl:443\/content\/uploads\/sites\/2\/2021\/09\/Maril-7-NXT-sloep-20180707-0011-1024x683.jpg 1024w, https:\/\/maril.nl:443\/content\/uploads\/sites\/2\/2021\/09\/Maril-7-NXT-sloep-20180707-0011-768x512.jpg 768w\" sizes=\"auto, (max-width: 1200px) 100vw, 1200px\" \/><\/figure><div class=\"wp-block-media-text__content\">\n<h4 class=\"eplus-4FsPD9 eplus-wrapper wp-block-heading\">Machen Sie Ihren Winterdienst selbst?<\/h4>\n\n\n<p class=\"eplus-37M7yP has-text-align-left eplus-wrapper eplus-styles-uid-4351d9\"><mark style=\"background-color:rgba(0, 0, 0, 0)\" class=\"has-inline-color has-black-color\">Werden Sie die Winterwartung Ihres Bootes selbst durchf\u00fchren? Bevor Ihr Boot eingelagert wird, ist es wichtig, es gr\u00fcndlich zu reinigen (innen und au\u00dfen!). Verwenden Sie die richtigen Produkte f\u00fcr die Reinigung oder Reparatur des Bootes, die in unserem Webshop erh\u00e4ltlich sind:<\/mark><\/p>\n\n\n<div class=\"eplus-7vn63H wp-block-buttons eplus-wrapper is-layout-flex wp-block-buttons-is-layout-flex\"><div class=\"is-style-theme eplus-Rm4KFO wp-block-button eplus-wrapper eplus-styles-uid-b69ddc\"><a class=\"wp-block-button__link\" href=\"https:\/\/www.allesvooruwsloep.nl\/boot-onderhoud\/\">Allesvooruwsloep.nl<\/a><\/div><\/div>\n\n\n\n<h4 class=\"eplus-mtpDEF eplus-wrapper wp-block-heading\">Maril-H\u00e4ndler<\/h4>\n\n\n\n<p class=\"eplus-CCepL6 eplus-wrapper\">Unsere Maril-H\u00e4ndler sind professionelle Unternehmen mit dem n\u00f6tigen Fachwissen \u00fcber Maril-Schaluppen. Unsere H\u00e4ndler bieten auch Lagerung und Wartung an. Klicken Sie hier, um eine \u00dcbersicht \u00fcber unsere Maril-H\u00e4ndler zu erhalten und einen H\u00e4ndler in Ihrer N\u00e4he zu finden.<\/p>\n\n\n\n<div class=\"eplus-7Pn0QO wp-block-buttons eplus-wrapper is-layout-flex wp-block-buttons-is-layout-flex\"><div class=\"is-style-theme eplus-4vrSsM wp-block-button eplus-wrapper eplus-styles-uid-f2c8f5\"><a class=\"wp-block-button__link\" href=\"https:\/\/maril.nl\/de\/maril-haendler\/\">Maril-H\u00e4ndler<\/a><\/div><\/div>\n<\/div><\/div>","protected":false},"excerpt":{"rendered":"<p>\u00dcberwinterung und Wartung Ihrer Maril Schaluppe Eine gute Wartung und \u00dcberwinterung ist wichtig f\u00fcr den Erhalt Ihrer Antaris. Eine j\u00e4hrliche Wartung und die \u00dcberwinterung tragen dazu bei. Wer kann Ihre Maril besser instand halten als die Bootswerft, die sie gebaut hat? Bei Maril werden Sie rundum betreut. \u00dcberwinterung und Wartung Schaluppe Bei Maril k\u00f6nnen wir&hellip; <a class=\"more-link\" href=\"https:\/\/maril.nl\/de\/ueberwinterung-und-wartung\/\">Continue reading <span class=\"screen-reader-text\">\u00dcberwinterung und Wartung<\/span><\/a><\/p>\n","protected":false},"author":3,"featured_media":0,"parent":0,"menu_order":36,"comment_status":"closed","ping_status":"closed","template":"","meta":{"_aqu_models_start_price":"","_aqu_models_persons":0,"_aqu_models_engine_specifications":"","_aqu_models_engine_type":"","_aqu_models_length":"","_aqu_models_height":"","_aqu_models_width":"","_aqu_models_kwh":"","_aqu_models_image":"","editor_plus_copied_stylings":"{}","footnotes":""},"folder":[],"class_list":["post-3617","page","type-page","status-publish","hentry","entry"],"yoast_head":"<!-- This site is optimized with the Yoast SEO plugin v26.8 - https:\/\/yoast.com\/product\/yoast-seo-wordpress\/ -->\n<title>\u00dcberwinterung und Wartung - Maril<\/title>\n<meta name=\"description\" content=\"Eine gute Wartung und \u00dcberwinterung ist wichtig f\u00fcr den Erhalt Ihrer Antaris. Eine j\u00e4hrliche Wartung und die \u00dcberwinterung tragen dazu bei.\" \/>\n<meta name=\"robots\" content=\"index, follow, max-snippet:-1, max-image-preview:large, max-video-preview:-1\" \/>\n<link rel=\"canonical\" href=\"https:\/\/maril.nl\/de\/ueberwinterung-und-wartung\/\" \/>\n<meta property=\"og:locale\" content=\"de_DE\" \/>\n<meta property=\"og:type\" content=\"article\" \/>\n<meta property=\"og:title\" content=\"\u00dcberwinterung und Wartung - Maril\" \/>\n<meta property=\"og:description\" content=\"Eine gute Wartung und \u00dcberwinterung ist wichtig f\u00fcr den Erhalt Ihrer Antaris. Eine j\u00e4hrliche Wartung und die \u00dcberwinterung tragen dazu bei.\" \/>\n<meta property=\"og:url\" content=\"https:\/\/maril.nl\/de\/ueberwinterung-und-wartung\/\" \/>\n<meta property=\"og:site_name\" content=\"Maril\" \/>\n<meta property=\"article:publisher\" content=\"https:\/\/www.facebook.com\/Marilsloepen\" \/>\n<meta property=\"article:modified_time\" content=\"2022-11-08T09:17:02+00:00\" \/>\n<meta property=\"og:image\" content=\"https:\/\/maril.nl:443\/content\/uploads\/sites\/2\/2021\/09\/Winterstalling-Aquatec-sloepen-Woudsend-010.jpg\" \/>\n<meta name=\"twitter:card\" content=\"summary_large_image\" \/>\n<meta name=\"twitter:site\" content=\"@MarilBoats\" \/>\n<meta name=\"twitter:label1\" content=\"Est. reading time\" \/>\n\t<meta name=\"twitter:data1\" content=\"3 minutes\" \/>\n<script type=\"application\/ld+json\" class=\"yoast-schema-graph\">{\"@context\":\"https:\/\/schema.org\",\"@graph\":[{\"@type\":\"WebPage\",\"@id\":\"https:\/\/maril.nl\/de\/ueberwinterung-und-wartung\/\",\"url\":\"https:\/\/maril.nl\/de\/ueberwinterung-und-wartung\/\",\"name\":\"\u00dcberwinterung und Wartung - Maril\",\"isPartOf\":{\"@id\":\"https:\/\/maril.nl\/de\/#website\"},\"primaryImageOfPage\":{\"@id\":\"https:\/\/maril.nl\/de\/ueberwinterung-und-wartung\/#primaryimage\"},\"image\":{\"@id\":\"https:\/\/maril.nl\/de\/ueberwinterung-und-wartung\/#primaryimage\"},\"thumbnailUrl\":\"https:\/\/maril.nl:443\/content\/uploads\/sites\/2\/2021\/09\/Winterstalling-Aquatec-sloepen-Woudsend-010.jpg\",\"datePublished\":\"2022-01-21T10:22:46+00:00\",\"dateModified\":\"2022-11-08T09:17:02+00:00\",\"description\":\"Eine gute Wartung und \u00dcberwinterung ist wichtig f\u00fcr den Erhalt Ihrer Antaris. Eine j\u00e4hrliche Wartung und die \u00dcberwinterung tragen dazu bei.\",\"breadcrumb\":{\"@id\":\"https:\/\/maril.nl\/de\/ueberwinterung-und-wartung\/#breadcrumb\"},\"inLanguage\":\"de-DE\",\"potentialAction\":[{\"@type\":\"ReadAction\",\"target\":[\"https:\/\/maril.nl\/de\/ueberwinterung-und-wartung\/\"]}]},{\"@type\":\"ImageObject\",\"inLanguage\":\"de-DE\",\"@id\":\"https:\/\/maril.nl\/de\/ueberwinterung-und-wartung\/#primaryimage\",\"url\":\"https:\/\/maril.nl:443\/content\/uploads\/sites\/2\/2021\/09\/Winterstalling-Aquatec-sloepen-Woudsend-010.jpg\",\"contentUrl\":\"https:\/\/maril.nl:443\/content\/uploads\/sites\/2\/2021\/09\/Winterstalling-Aquatec-sloepen-Woudsend-010.jpg\"},{\"@type\":\"BreadcrumbList\",\"@id\":\"https:\/\/maril.nl\/de\/ueberwinterung-und-wartung\/#breadcrumb\",\"itemListElement\":[{\"@type\":\"ListItem\",\"position\":1,\"name\":\"Home\",\"item\":\"https:\/\/maril.nl\/de\/\"},{\"@type\":\"ListItem\",\"position\":2,\"name\":\"\u00dcberwinterung und Wartung\"}]},{\"@type\":\"WebSite\",\"@id\":\"https:\/\/maril.nl\/de\/#website\",\"url\":\"https:\/\/maril.nl\/de\/\",\"name\":\"Maril\",\"description\":\"Kiezen voor vertrouwen\",\"publisher\":{\"@id\":\"https:\/\/maril.nl\/de\/#organization\"},\"potentialAction\":[{\"@type\":\"SearchAction\",\"target\":{\"@type\":\"EntryPoint\",\"urlTemplate\":\"https:\/\/maril.nl\/de\/?s={search_term_string}\"},\"query-input\":{\"@type\":\"PropertyValueSpecification\",\"valueRequired\":true,\"valueName\":\"search_term_string\"}}],\"inLanguage\":\"de-DE\"},{\"@type\":\"Organization\",\"@id\":\"https:\/\/maril.nl\/de\/#organization\",\"name\":\"Maril\",\"url\":\"https:\/\/maril.nl\/de\/\",\"logo\":{\"@type\":\"ImageObject\",\"inLanguage\":\"de-DE\",\"@id\":\"https:\/\/maril.nl\/de\/#\/schema\/logo\/image\/\",\"url\":\"https:\/\/maril.nl:443\/content\/uploads\/sites\/2\/2021\/07\/maril.png\",\"contentUrl\":\"https:\/\/maril.nl:443\/content\/uploads\/sites\/2\/2021\/07\/maril.png\",\"width\":360,\"height\":96,\"caption\":\"Maril\"},\"image\":{\"@id\":\"https:\/\/maril.nl\/de\/#\/schema\/logo\/image\/\"},\"sameAs\":[\"https:\/\/www.facebook.com\/Marilsloepen\",\"https:\/\/x.com\/MarilBoats\",\"https:\/\/www.instagram.com\/marilboats\/\",\"https:\/\/www.youtube.com\/channel\/UCnnRWdfwcidTArpRD_4j6bg\"]}]}<\/script>\n<!-- \/ Yoast SEO plugin. -->","yoast_head_json":{"title":"\u00dcberwinterung und Wartung - Maril","description":"Eine gute Wartung und \u00dcberwinterung ist wichtig f\u00fcr den Erhalt Ihrer Antaris. Eine j\u00e4hrliche Wartung und die \u00dcberwinterung tragen dazu bei.","robots":{"index":"index","follow":"follow","max-snippet":"max-snippet:-1","max-image-preview":"max-image-preview:large","max-video-preview":"max-video-preview:-1"},"canonical":"https:\/\/maril.nl\/de\/ueberwinterung-und-wartung\/","og_locale":"de_DE","og_type":"article","og_title":"\u00dcberwinterung und Wartung - Maril","og_description":"Eine gute Wartung und \u00dcberwinterung ist wichtig f\u00fcr den Erhalt Ihrer Antaris. Eine j\u00e4hrliche Wartung und die \u00dcberwinterung tragen dazu bei.","og_url":"https:\/\/maril.nl\/de\/ueberwinterung-und-wartung\/","og_site_name":"Maril","article_publisher":"https:\/\/www.facebook.com\/Marilsloepen","article_modified_time":"2022-11-08T09:17:02+00:00","og_image":[{"url":"https:\/\/maril.nl:443\/content\/uploads\/sites\/2\/2021\/09\/Winterstalling-Aquatec-sloepen-Woudsend-010.jpg","type":"","width":"","height":""}],"twitter_card":"summary_large_image","twitter_site":"@MarilBoats","twitter_misc":{"Est. reading time":"3 minutes"},"schema":{"@context":"https:\/\/schema.org","@graph":[{"@type":"WebPage","@id":"https:\/\/maril.nl\/de\/ueberwinterung-und-wartung\/","url":"https:\/\/maril.nl\/de\/ueberwinterung-und-wartung\/","name":"\u00dcberwinterung und Wartung - Maril","isPartOf":{"@id":"https:\/\/maril.nl\/de\/#website"},"primaryImageOfPage":{"@id":"https:\/\/maril.nl\/de\/ueberwinterung-und-wartung\/#primaryimage"},"image":{"@id":"https:\/\/maril.nl\/de\/ueberwinterung-und-wartung\/#primaryimage"},"thumbnailUrl":"https:\/\/maril.nl:443\/content\/uploads\/sites\/2\/2021\/09\/Winterstalling-Aquatec-sloepen-Woudsend-010.jpg","datePublished":"2022-01-21T10:22:46+00:00","dateModified":"2022-11-08T09:17:02+00:00","description":"Eine gute Wartung und \u00dcberwinterung ist wichtig f\u00fcr den Erhalt Ihrer Antaris. Eine j\u00e4hrliche Wartung und die \u00dcberwinterung tragen dazu bei.","breadcrumb":{"@id":"https:\/\/maril.nl\/de\/ueberwinterung-und-wartung\/#breadcrumb"},"inLanguage":"de-DE","potentialAction":[{"@type":"ReadAction","target":["https:\/\/maril.nl\/de\/ueberwinterung-und-wartung\/"]}]},{"@type":"ImageObject","inLanguage":"de-DE","@id":"https:\/\/maril.nl\/de\/ueberwinterung-und-wartung\/#primaryimage","url":"https:\/\/maril.nl:443\/content\/uploads\/sites\/2\/2021\/09\/Winterstalling-Aquatec-sloepen-Woudsend-010.jpg","contentUrl":"https:\/\/maril.nl:443\/content\/uploads\/sites\/2\/2021\/09\/Winterstalling-Aquatec-sloepen-Woudsend-010.jpg"},{"@type":"BreadcrumbList","@id":"https:\/\/maril.nl\/de\/ueberwinterung-und-wartung\/#breadcrumb","itemListElement":[{"@type":"ListItem","position":1,"name":"Home","item":"https:\/\/maril.nl\/de\/"},{"@type":"ListItem","position":2,"name":"\u00dcberwinterung und Wartung"}]},{"@type":"WebSite","@id":"https:\/\/maril.nl\/de\/#website","url":"https:\/\/maril.nl\/de\/","name":"Maril","description":"Kiezen voor vertrouwen","publisher":{"@id":"https:\/\/maril.nl\/de\/#organization"},"potentialAction":[{"@type":"SearchAction","target":{"@type":"EntryPoint","urlTemplate":"https:\/\/maril.nl\/de\/?s={search_term_string}"},"query-input":{"@type":"PropertyValueSpecification","valueRequired":true,"valueName":"search_term_string"}}],"inLanguage":"de-DE"},{"@type":"Organization","@id":"https:\/\/maril.nl\/de\/#organization","name":"Maril","url":"https:\/\/maril.nl\/de\/","logo":{"@type":"ImageObject","inLanguage":"de-DE","@id":"https:\/\/maril.nl\/de\/#\/schema\/logo\/image\/","url":"https:\/\/maril.nl:443\/content\/uploads\/sites\/2\/2021\/07\/maril.png","contentUrl":"https:\/\/maril.nl:443\/content\/uploads\/sites\/2\/2021\/07\/maril.png","width":360,"height":96,"caption":"Maril"},"image":{"@id":"https:\/\/maril.nl\/de\/#\/schema\/logo\/image\/"},"sameAs":["https:\/\/www.facebook.com\/Marilsloepen","https:\/\/x.com\/MarilBoats","https:\/\/www.instagram.com\/marilboats\/","https:\/\/www.youtube.com\/channel\/UCnnRWdfwcidTArpRD_4j6bg"]}]}},"_links":{"self":[{"href":"https:\/\/maril.nl\/de\/wp-json\/wp\/v2\/pages\/3617","targetHints":{"allow":["GET"]}}],"collection":[{"href":"https:\/\/maril.nl\/de\/wp-json\/wp\/v2\/pages"}],"about":[{"href":"https:\/\/maril.nl\/de\/wp-json\/wp\/v2\/types\/page"}],"author":[{"embeddable":true,"href":"https:\/\/maril.nl\/de\/wp-json\/wp\/v2\/users\/3"}],"replies":[{"embeddable":true,"href":"https:\/\/maril.nl\/de\/wp-json\/wp\/v2\/comments?post=3617"}],"version-history":[{"count":21,"href":"https:\/\/maril.nl\/de\/wp-json\/wp\/v2\/pages\/3617\/revisions"}],"predecessor-version":[{"id":7644,"href":"https:\/\/maril.nl\/de\/wp-json\/wp\/v2\/pages\/3617\/revisions\/7644"}],"wp:attachment":[{"href":"https:\/\/maril.nl\/de\/wp-json\/wp\/v2\/media?parent=3617"}],"wp:term":[{"taxonomy":"folder","embeddable":true,"href":"https:\/\/maril.nl\/de\/wp-json\/wp\/v2\/folder?post=3617"}],"curies":[{"name":"wp","href":"https:\/\/api.w.org\/{rel}","templated":true}]}}