{"id":3587,"date":"2022-01-21T10:55:22","date_gmt":"2022-01-21T09:55:22","guid":{"rendered":"https:\/\/maril.nl\/ueber-maril\/"},"modified":"2022-09-06T15:06:26","modified_gmt":"2022-09-06T13:06:26","slug":"ueber-maril","status":"publish","type":"page","link":"https:\/\/maril.nl\/de\/ueber-maril\/","title":{"rendered":"\u00dcber Maril"},"content":{"rendered":"<div class=\"eplus-rku0gk wp-block-cover alignfull is-light eplus-wrapper eplus-styles-uid-369806\"><span aria-hidden=\"true\" class=\"wp-block-cover__gradient-background has-background-dim\"><\/span><img loading=\"lazy\" decoding=\"async\" width=\"2560\" height=\"1707\" class=\"wp-block-cover__image-background wp-image-4813\" alt=\"Maril 625\" src=\"https:\/\/maril.nl:443\/content\/uploads\/sites\/2\/2021\/09\/Maril-625-sloep-varend-100-scaled.jpg\" style=\"object-position:34% 26%\" data-object-fit=\"cover\" data-object-position=\"34% 26%\" srcset=\"https:\/\/maril.nl:443\/content\/uploads\/sites\/2\/2021\/09\/Maril-625-sloep-varend-100-scaled.jpg 2560w, https:\/\/maril.nl:443\/content\/uploads\/sites\/2\/2021\/09\/Maril-625-sloep-varend-100-300x200.jpg 300w, https:\/\/maril.nl:443\/content\/uploads\/sites\/2\/2021\/09\/Maril-625-sloep-varend-100-1024x683.jpg 1024w, https:\/\/maril.nl:443\/content\/uploads\/sites\/2\/2021\/09\/Maril-625-sloep-varend-100-768x512.jpg 768w, https:\/\/maril.nl:443\/content\/uploads\/sites\/2\/2021\/09\/Maril-625-sloep-varend-100-1536x1024.jpg 1536w, https:\/\/maril.nl:443\/content\/uploads\/sites\/2\/2021\/09\/Maril-625-sloep-varend-100-2048x1365.jpg 2048w, https:\/\/maril.nl:443\/content\/uploads\/sites\/2\/2021\/09\/Maril-625-sloep-varend-100-1568x1045.jpg 1568w\" sizes=\"auto, (max-width: 2560px) 100vw, 2560px\" \/><div class=\"wp-block-cover__inner-container is-layout-flow wp-block-cover-is-layout-flow\"><div class=\"eplus-v6rMBg wp-block-group eplus-wrapper eplus-styles-uid-6e04a9\"><div class=\"wp-block-group__inner-container is-layout-flow wp-block-group-is-layout-flow\"><h2 class=\"eplus-asQNbV eplus-wrapper wp-block-heading eplus-styles-uid-357f8b\"><strong>\u00dcber Maril<\/strong><\/h2>\n\n<p class=\"eplus-ZnnyuH has-text-align-left eplus-wrapper eplus-styles-uid-f585de\"><\/p><\/div><\/div><\/div><\/div><div class=\"eplus-fVwATY wp-block-columns are-vertically-aligned-center eplus-wrapper is-layout-flex wp-container-core-columns-is-layout-9d6595d7 wp-block-columns-is-layout-flex eplus-styles-uid-549d66\">\n<div class=\"eplus-ibF692 wp-block-column is-vertically-aligned-center eplus-wrapper is-layout-flow wp-block-column-is-layout-flow\">\n<h2 class=\"eplus-tyZodT eplus-wrapper wp-block-heading\"><strong>Hochwertige Schaluppen seit 1997<\/strong><\/h2>\n<\/div>\n\n\n\n<div class=\"eplus-4JFlx8 wp-block-column is-vertically-aligned-center eplus-wrapper is-layout-flow wp-block-column-is-layout-flow\">\n<p class=\"eplus-7s2F35 has-gray-color has-text-color eplus-wrapper\">Maril-Schaluppen; ein klassisches Design mit modernem Schliff. Bei den vielen Varianten, die Maril anbietet, ist f\u00fcr jeden Geschmack die richtige Schaluppe dabei. Seit 1997 ist Maril dank ihrer hervorragenden Fahreigenschaften, ihres optimalen Komforts und ihrer hohen Qualit\u00e4t eine der beliebtesten Schaluppenmarken.<\/p>\n<\/div>\n<\/div><div class=\"eplus-Rrp7bx wp-block-columns eplus-wrapper is-layout-flex wp-container-core-columns-is-layout-9d6595d7 wp-block-columns-is-layout-flex eplus-styles-uid-9f4e81\"><div class=\"eplus-oF7uDp wp-block-column eplus-wrapper is-layout-flow wp-block-column-is-layout-flow eplus-styles-uid-2c41fb\"><figure class=\"eplus-64zoQl wp-block-image size-full eplus-wrapper eplus-styles-uid-2c41fb\"><img loading=\"lazy\" decoding=\"async\" width=\"2000\" height=\"1333\" src=\"https:\/\/maril.nl:443\/content\/uploads\/sites\/2\/2021\/10\/Productie-polyester-sloep-Woudsend-027.jpg\" alt=\"Arbeiten bei Maril\" class=\"wp-image-3344\" srcset=\"https:\/\/maril.nl:443\/content\/uploads\/sites\/2\/2021\/10\/Productie-polyester-sloep-Woudsend-027.jpg 2000w, https:\/\/maril.nl:443\/content\/uploads\/sites\/2\/2021\/10\/Productie-polyester-sloep-Woudsend-027-300x200.jpg 300w, https:\/\/maril.nl:443\/content\/uploads\/sites\/2\/2021\/10\/Productie-polyester-sloep-Woudsend-027-1024x682.jpg 1024w, https:\/\/maril.nl:443\/content\/uploads\/sites\/2\/2021\/10\/Productie-polyester-sloep-Woudsend-027-768x512.jpg 768w, https:\/\/maril.nl:443\/content\/uploads\/sites\/2\/2021\/10\/Productie-polyester-sloep-Woudsend-027-1536x1024.jpg 1536w, https:\/\/maril.nl:443\/content\/uploads\/sites\/2\/2021\/10\/Productie-polyester-sloep-Woudsend-027-1568x1045.jpg 1568w\" sizes=\"auto, (max-width: 2000px) 100vw, 2000px\" \/><\/figure>\n\n<h3 class=\"eplus-eRzxYT eplus-wrapper wp-block-heading eplus-styles-uid-fdae5c\"><strong><strong>Produktionsprozess<\/strong><\/strong><\/h3>\n\n\n<p class=\"eplus-oMdBfa eplus-wrapper\"><span class=\"has-inline-color has-gray-color\">Die Maril-Schaluppen sind zu 100 % niederl\u00e4ndischer Herkunft. Wir m\u00f6chten Ihnen gerne einen Einblick in unsere Werft geben. Verfolgen Sie den Produktionsprozess Schritt f\u00fcr Schritt anhand von Fotos.<\/span><\/p>\n\n\n\n<p class=\"eplus-66dQDm eplus-wrapper\"><a href=\"https:\/\/maril.nl\/de\/produktionsprozess\/\">Productieproces Maril<\/a><\/p>\n<\/div>\n\n<div class=\"eplus-iL0DOe wp-block-column eplus-wrapper is-layout-flow wp-block-column-is-layout-flow eplus-styles-uid-2c41fb\"><figure class=\"eplus-5yj3q1 wp-block-image size-full eplus-wrapper eplus-styles-uid-2c41fb\"><img loading=\"lazy\" decoding=\"async\" width=\"1200\" height=\"800\" src=\"https:\/\/maril.nl:443\/content\/uploads\/sites\/2\/2021\/09\/Maril-7-NXT-sloep-20180707-0018.jpg\" alt=\"Maril 7NXT\" class=\"wp-image-3589\" srcset=\"https:\/\/maril.nl:443\/content\/uploads\/sites\/2\/2021\/09\/Maril-7-NXT-sloep-20180707-0018.jpg 1200w, https:\/\/maril.nl:443\/content\/uploads\/sites\/2\/2021\/09\/Maril-7-NXT-sloep-20180707-0018-300x200.jpg 300w, https:\/\/maril.nl:443\/content\/uploads\/sites\/2\/2021\/09\/Maril-7-NXT-sloep-20180707-0018-1024x683.jpg 1024w, https:\/\/maril.nl:443\/content\/uploads\/sites\/2\/2021\/09\/Maril-7-NXT-sloep-20180707-0018-768x512.jpg 768w\" sizes=\"auto, (max-width: 1200px) 100vw, 1200px\" \/><\/figure>\n\n<h3 class=\"eplus-sNH4YP eplus-wrapper wp-block-heading eplus-styles-uid-fdae5c\"><strong><strong><strong>Elektrisches Fahren<\/strong><\/strong><\/strong><\/h3>\n\n\n<p class=\"eplus-6XeCKD eplus-wrapper\"><span class=\"has-inline-color has-gray-color\">Durch einen elektrischen Antrieb wird Ihre Schaluppe innovativ, zukunftssicher und interessant f\u00fcr jedes Fahrtgebiet.<\/span> <span class=\"has-inline-color has-gray-color\">Lesen Sie hier mehr:<\/span><\/p>\n\n\n\n<p class=\"eplus-v2b34u eplus-wrapper\"><a href=\"https:\/\/antarisboats.com\/productieproces-antaris\/\"><\/a><a href=\"https:\/\/maril.nl\/de\/elektrisches-fahren\/\">Elektrisch varen<\/a><\/p>\n<\/div>\n\n<div class=\"eplus-73Qzuq wp-block-column eplus-wrapper is-layout-flow wp-block-column-is-layout-flow eplus-styles-uid-2c41fb\"><figure class=\"eplus-lXvEnu wp-block-image size-large eplus-wrapper eplus-styles-uid-2c41fb\"><img loading=\"lazy\" decoding=\"async\" width=\"1024\" height=\"682\" src=\"https:\/\/maril.nl:443\/content\/uploads\/sites\/2\/2021\/09\/Maril-880-sloep_2000pix_37-1024x682.jpg\" alt=\"Maril 880\" class=\"wp-image-3592\" srcset=\"https:\/\/maril.nl:443\/content\/uploads\/sites\/2\/2021\/09\/Maril-880-sloep_2000pix_37-1024x682.jpg 1024w, https:\/\/maril.nl:443\/content\/uploads\/sites\/2\/2021\/09\/Maril-880-sloep_2000pix_37-300x200.jpg 300w, https:\/\/maril.nl:443\/content\/uploads\/sites\/2\/2021\/09\/Maril-880-sloep_2000pix_37-768x512.jpg 768w, https:\/\/maril.nl:443\/content\/uploads\/sites\/2\/2021\/09\/Maril-880-sloep_2000pix_37-1536x1024.jpg 1536w, https:\/\/maril.nl:443\/content\/uploads\/sites\/2\/2021\/09\/Maril-880-sloep_2000pix_37-1568x1045.jpg 1568w, https:\/\/maril.nl:443\/content\/uploads\/sites\/2\/2021\/09\/Maril-880-sloep_2000pix_37.jpg 2000w\" sizes=\"auto, (max-width: 1024px) 100vw, 1024px\" \/><\/figure>\n\n<h3 class=\"eplus-Z11hMb eplus-wrapper wp-block-heading eplus-styles-uid-fdae5c\"><strong><strong><strong>Maril Dealers<\/strong><\/strong><\/strong><\/h3>\n\n\n<p class=\"eplus-uXqpWn eplus-wrapper\"><span class=\"has-inline-color has-gray-color\">Neben dem eigenen Vertriebsb\u00fcro in Woudsend verf\u00fcgt Maril \u00fcber ein landesweites H\u00e4ndlernetz. Sorgf\u00e4ltig ausgew\u00e4hlt f\u00fcr den besten Service. Sehen Sie sich die Karte \u00fcber den Link an.<\/span><\/p>\n\n\n\n<p class=\"eplus-yItxCm eplus-wrapper\"><a href=\"https:\/\/maril.nl\/de\/maril-haendler\/\">Maril dealers<\/a><\/p>\n<\/div><\/div><div class=\"eplus-z7N1us wp-block-columns eplus-wrapper is-layout-flex wp-container-core-columns-is-layout-9d6595d7 wp-block-columns-is-layout-flex eplus-styles-uid-9599bc\"><div class=\"eplus-iCKKIe wp-block-column eplus-wrapper is-layout-flow wp-block-column-is-layout-flow eplus-styles-uid-2c41fb\"><figure class=\"eplus-WcGh49 wp-block-image size-large eplus-wrapper eplus-styles-uid-2c41fb\"><img loading=\"lazy\" decoding=\"async\" width=\"2560\" height=\"1707\" src=\"https:\/\/maril.nl\/content\/uploads\/sites\/2\/2021\/09\/Maril-725-sloep-deels-26-scaled.jpg\" alt=\"Maril 725\" class=\"wp-image-339\" srcset=\"https:\/\/maril.nl:443\/content\/uploads\/sites\/2\/2021\/09\/Maril-725-sloep-deels-26-scaled.jpg 2560w, https:\/\/maril.nl:443\/content\/uploads\/sites\/2\/2021\/09\/Maril-725-sloep-deels-26-300x200.jpg 300w, https:\/\/maril.nl:443\/content\/uploads\/sites\/2\/2021\/09\/Maril-725-sloep-deels-26-1024x683.jpg 1024w, https:\/\/maril.nl:443\/content\/uploads\/sites\/2\/2021\/09\/Maril-725-sloep-deels-26-768x512.jpg 768w, https:\/\/maril.nl:443\/content\/uploads\/sites\/2\/2021\/09\/Maril-725-sloep-deels-26-1536x1024.jpg 1536w, https:\/\/maril.nl:443\/content\/uploads\/sites\/2\/2021\/09\/Maril-725-sloep-deels-26-2048x1365.jpg 2048w, https:\/\/maril.nl:443\/content\/uploads\/sites\/2\/2021\/09\/Maril-725-sloep-deels-26-1568x1045.jpg 1568w\" sizes=\"auto, (max-width: 2560px) 100vw, 2560px\" \/><\/figure>\n\n<h3 class=\"eplus-yjf3S5 eplus-wrapper wp-block-heading eplus-styles-uid-fdae5c\"><strong><strong>Geschichte<\/strong><\/strong><\/h3>\n\n\n<p class=\"eplus-yLPylf eplus-wrapper\"><span class=\"has-inline-color has-gray-color\">Die Geschichte von Maril beginnt im Jahr 1997 in Koudum unter dem Namen <em>\u00a0Maril Boats<\/em>.Die beiden Gr\u00fcnder leiteten diesen Namen von den Namen ihrer \u00e4ltesten Kinder, MAR(k) und IL(se), ab.<\/span><\/p>\n\n\n\n<p class=\"eplus-aXNce9 eplus-wrapper\"><a href=\"https:\/\/antarisboats.com\/geschiedenis\/\">Geschichte von Maril<\/a><\/p>\n<\/div>\n\n<div class=\"eplus-R0ERuk wp-block-column eplus-wrapper is-layout-flow wp-block-column-is-layout-flow eplus-styles-uid-2c41fb\"><figure class=\"eplus-blYuV4 wp-block-image size-large eplus-wrapper eplus-styles-uid-2c41fb\"><img loading=\"lazy\" decoding=\"async\" width=\"2560\" height=\"1707\" src=\"https:\/\/maril.nl\/content\/uploads\/sites\/2\/2021\/09\/Maril-625-sloep-varend-111-scaled.jpg\" alt=\"Maril 625\" class=\"wp-image-221\" srcset=\"https:\/\/maril.nl:443\/content\/uploads\/sites\/2\/2021\/09\/Maril-625-sloep-varend-111-scaled.jpg 2560w, https:\/\/maril.nl:443\/content\/uploads\/sites\/2\/2021\/09\/Maril-625-sloep-varend-111-300x200.jpg 300w, https:\/\/maril.nl:443\/content\/uploads\/sites\/2\/2021\/09\/Maril-625-sloep-varend-111-1024x683.jpg 1024w, https:\/\/maril.nl:443\/content\/uploads\/sites\/2\/2021\/09\/Maril-625-sloep-varend-111-768x512.jpg 768w, https:\/\/maril.nl:443\/content\/uploads\/sites\/2\/2021\/09\/Maril-625-sloep-varend-111-1536x1024.jpg 1536w, https:\/\/maril.nl:443\/content\/uploads\/sites\/2\/2021\/09\/Maril-625-sloep-varend-111-2048x1365.jpg 2048w, https:\/\/maril.nl:443\/content\/uploads\/sites\/2\/2021\/09\/Maril-625-sloep-varend-111-1568x1045.jpg 1568w\" sizes=\"auto, (max-width: 2560px) 100vw, 2560px\" \/><\/figure>\n\n<h3 class=\"eplus-cZpbPz eplus-wrapper wp-block-heading eplus-styles-uid-fdae5c\"><strong><strong>H\u00e4ufig gestellte Fragen<\/strong><\/strong><\/h3>\n\n<p class=\"eplus-6IDnXn has-gray-color has-text-color eplus-wrapper eplus-styles-uid-ac9654\">Auf dieser Seite finden Sie die am h\u00e4ufigsten gestellten Fragen zu unseren Schaluppen und Dienstleistungen. Ihre Frage ist nicht mit dabei? Dann k\u00f6nnen Sie jederzeit Kontakt aufnehmen, \u00fcber unsere Kontaktseite.<\/p>\n\n\n<p class=\"eplus-gZKa16 eplus-wrapper\"><a href=\"https:\/\/maril.nl\/de\/haeufig-gestellte-fragen\/\">Veelgestelde vragen<\/a><\/p>\n<\/div><\/div><div class=\"wp-block-media-banner -right eplus-fMAv3z wp-block-columns alignwide are-vertically-aligned-bottom eplus-wrapper is-layout-flex wp-container-core-columns-is-layout-9d6595d7 wp-block-columns-is-layout-flex eplus-styles-uid-8a97d8\">\n<div class=\"eplus-7XXWLJ wp-block-column is-vertically-aligned-bottom eplus-wrapper is-layout-flow wp-block-column-is-layout-flow\" style=\"flex-basis:66.66%\"><div class=\"has-media eplus-WaMfbH wp-block-cover is-light eplus-wrapper eplus-styles-uid-7ab3d4\"><span aria-hidden=\"true\" class=\"has-background-dim-0 wp-block-cover__gradient-background has-background-dim\"><\/span><img loading=\"lazy\" decoding=\"async\" width=\"2000\" height=\"968\" class=\"wp-block-cover__image-background wp-image-3879\" alt=\"360 graden Aquatec industries woudsend\" src=\"https:\/\/maril.nl:443\/content\/uploads\/sites\/2\/2021\/10\/Schermafbeelding-2021-03-02-114430.jpg\" data-object-fit=\"cover\" srcset=\"https:\/\/maril.nl:443\/content\/uploads\/sites\/2\/2021\/10\/Schermafbeelding-2021-03-02-114430.jpg 2000w, https:\/\/maril.nl:443\/content\/uploads\/sites\/2\/2021\/10\/Schermafbeelding-2021-03-02-114430-300x145.jpg 300w, https:\/\/maril.nl:443\/content\/uploads\/sites\/2\/2021\/10\/Schermafbeelding-2021-03-02-114430-1024x496.jpg 1024w, https:\/\/maril.nl:443\/content\/uploads\/sites\/2\/2021\/10\/Schermafbeelding-2021-03-02-114430-768x372.jpg 768w, https:\/\/maril.nl:443\/content\/uploads\/sites\/2\/2021\/10\/Schermafbeelding-2021-03-02-114430-1536x743.jpg 1536w, https:\/\/maril.nl:443\/content\/uploads\/sites\/2\/2021\/10\/Schermafbeelding-2021-03-02-114430-1568x759.jpg 1568w\" sizes=\"auto, (max-width: 2000px) 100vw, 2000px\" \/><div class=\"wp-block-cover__inner-container is-layout-flow wp-block-cover-is-layout-flow\">\n<p class=\"eplus-wu1TOL has-text-align-center has-large-font-size eplus-wrapper\"><\/p>\n<\/div><\/div><\/div>\n\n\n<div class=\"eplus-ZPyeSC wp-block-column is-vertically-aligned-bottom eplus-wrapper is-layout-flow wp-block-column-is-layout-flow eplus-styles-uid-092a24\" style=\"flex-basis:33.33%\"><h2 class=\"eplus-uShHfn eplus-wrapper wp-block-heading eplus-styles-uid-304961\"><strong>Werfen Sie einen digitalen Blick in unsere Bootshalle<\/strong><\/h2>\n\n\n<p class=\"eplus-WjhH5S eplus-wrapper\">Machen Sie eine 360-Grad-Tour durch unsere Bootshalle und unsere Werkstatt.<\/p>\n\n\n\n<div class=\"eplus-Yxb9Se wp-block-buttons eplus-wrapper is-layout-flex wp-block-buttons-is-layout-flex\"><div class=\"is-style-theme eplus-zwSUg4 wp-block-button eplus-wrapper eplus-styles-uid-a386ab\"><a class=\"wp-block-button__link\" href=\"https:\/\/www.google.com\/maps\/place\/Aquatec+Industries+BV\/@52.944621,5.6451083,3a,75y,217h,90t\/data=!3m8!1e1!3m6!1s5Gp9XWjHL_sAAAQ0MEexlQ!2e0!3e2!6s%2F%2Fgeo2.ggpht.com%2Fcbk%3Fpanoid%3D5Gp9XWjHL_sAAAQ0MEexlQ%26output%3Dthumbnail%26cb_client%3Dsearch.TACTILE.gps%26thumb%3D2%26w%3D129%26h%3D106%26yaw%3D217.57965%26pitch%3D0!7i13312!8i6656!4m2!3m1!1s0x47c8f28e18e5ab81:0xda696c20f4644d4d!6m1!1e1\" target=\"_blank\" rel=\"noreferrer noopener\">Weitere Informationen<\/a><\/div><\/div>\n<\/div><\/div>","protected":false},"excerpt":{"rendered":"<p>Hochwertige Schaluppen seit 1997 Maril-Schaluppen; ein klassisches Design mit modernem Schliff. Bei den vielen Varianten, die Maril anbietet, ist f\u00fcr jeden Geschmack die richtige Schaluppe dabei. Seit 1997 ist Maril dank ihrer hervorragenden Fahreigenschaften, ihres optimalen Komforts und ihrer hohen Qualit\u00e4t eine der beliebtesten Schaluppenmarken. Produktionsprozess Die Maril-Schaluppen sind zu 100 % niederl\u00e4ndischer Herkunft. Wir&hellip; <a class=\"more-link\" href=\"https:\/\/maril.nl\/de\/ueber-maril\/\">Continue reading <span class=\"screen-reader-text\">\u00dcber Maril<\/span><\/a><\/p>\n","protected":false},"author":3,"featured_media":0,"parent":0,"menu_order":30,"comment_status":"closed","ping_status":"closed","template":"","meta":{"_aqu_models_start_price":"","_aqu_models_persons":0,"_aqu_models_engine_specifications":"","_aqu_models_engine_type":"","_aqu_models_length":"","_aqu_models_height":"","_aqu_models_width":"","_aqu_models_kwh":"","_aqu_models_image":"","editor_plus_copied_stylings":"{}","footnotes":""},"folder":[],"class_list":["post-3587","page","type-page","status-publish","hentry","entry"],"yoast_head":"<!-- This site is optimized with the Yoast SEO plugin v26.8 - https:\/\/yoast.com\/product\/yoast-seo-wordpress\/ -->\n<title>\u00dcber Maril - Maril<\/title>\n<meta name=\"description\" content=\"Maril-Schaluppen; ein klassisches Design mit modernem Schliff.\" \/>\n<meta name=\"robots\" content=\"index, follow, max-snippet:-1, max-image-preview:large, max-video-preview:-1\" \/>\n<link rel=\"canonical\" href=\"https:\/\/maril.nl\/de\/ueber-maril\/\" \/>\n<meta property=\"og:locale\" content=\"de_DE\" \/>\n<meta property=\"og:type\" content=\"article\" \/>\n<meta property=\"og:title\" content=\"\u00dcber Maril - Maril\" \/>\n<meta property=\"og:description\" content=\"Maril-Schaluppen; ein klassisches Design mit modernem Schliff.\" \/>\n<meta property=\"og:url\" content=\"https:\/\/maril.nl\/de\/ueber-maril\/\" \/>\n<meta property=\"og:site_name\" content=\"Maril\" \/>\n<meta property=\"article:publisher\" content=\"https:\/\/www.facebook.com\/Marilsloepen\" \/>\n<meta property=\"article:modified_time\" content=\"2022-09-06T13:06:26+00:00\" \/>\n<meta property=\"og:image\" content=\"https:\/\/maril.nl:443\/content\/uploads\/sites\/2\/2021\/09\/Maril-625-sloep-varend-100-scaled.jpg\" \/>\n<meta name=\"twitter:card\" content=\"summary_large_image\" \/>\n<meta name=\"twitter:site\" content=\"@MarilBoats\" \/>\n<meta name=\"twitter:label1\" content=\"Est. reading time\" \/>\n\t<meta name=\"twitter:data1\" content=\"3 minutes\" \/>\n<script type=\"application\/ld+json\" class=\"yoast-schema-graph\">{\"@context\":\"https:\/\/schema.org\",\"@graph\":[{\"@type\":\"WebPage\",\"@id\":\"https:\/\/maril.nl\/de\/ueber-maril\/\",\"url\":\"https:\/\/maril.nl\/de\/ueber-maril\/\",\"name\":\"\u00dcber Maril - Maril\",\"isPartOf\":{\"@id\":\"https:\/\/maril.nl\/de\/#website\"},\"primaryImageOfPage\":{\"@id\":\"https:\/\/maril.nl\/de\/ueber-maril\/#primaryimage\"},\"image\":{\"@id\":\"https:\/\/maril.nl\/de\/ueber-maril\/#primaryimage\"},\"thumbnailUrl\":\"https:\/\/maril.nl:443\/content\/uploads\/sites\/2\/2021\/09\/Maril-625-sloep-varend-100-scaled.jpg\",\"datePublished\":\"2022-01-21T09:55:22+00:00\",\"dateModified\":\"2022-09-06T13:06:26+00:00\",\"description\":\"Maril-Schaluppen; ein klassisches Design mit modernem Schliff.\",\"breadcrumb\":{\"@id\":\"https:\/\/maril.nl\/de\/ueber-maril\/#breadcrumb\"},\"inLanguage\":\"de-DE\",\"potentialAction\":[{\"@type\":\"ReadAction\",\"target\":[\"https:\/\/maril.nl\/de\/ueber-maril\/\"]}]},{\"@type\":\"ImageObject\",\"inLanguage\":\"de-DE\",\"@id\":\"https:\/\/maril.nl\/de\/ueber-maril\/#primaryimage\",\"url\":\"https:\/\/maril.nl:443\/content\/uploads\/sites\/2\/2021\/09\/Maril-625-sloep-varend-100-scaled.jpg\",\"contentUrl\":\"https:\/\/maril.nl:443\/content\/uploads\/sites\/2\/2021\/09\/Maril-625-sloep-varend-100-scaled.jpg\"},{\"@type\":\"BreadcrumbList\",\"@id\":\"https:\/\/maril.nl\/de\/ueber-maril\/#breadcrumb\",\"itemListElement\":[{\"@type\":\"ListItem\",\"position\":1,\"name\":\"Home\",\"item\":\"https:\/\/maril.nl\/de\/\"},{\"@type\":\"ListItem\",\"position\":2,\"name\":\"\u00dcber Maril\"}]},{\"@type\":\"WebSite\",\"@id\":\"https:\/\/maril.nl\/de\/#website\",\"url\":\"https:\/\/maril.nl\/de\/\",\"name\":\"Maril\",\"description\":\"Kiezen voor vertrouwen\",\"publisher\":{\"@id\":\"https:\/\/maril.nl\/de\/#organization\"},\"potentialAction\":[{\"@type\":\"SearchAction\",\"target\":{\"@type\":\"EntryPoint\",\"urlTemplate\":\"https:\/\/maril.nl\/de\/?s={search_term_string}\"},\"query-input\":{\"@type\":\"PropertyValueSpecification\",\"valueRequired\":true,\"valueName\":\"search_term_string\"}}],\"inLanguage\":\"de-DE\"},{\"@type\":\"Organization\",\"@id\":\"https:\/\/maril.nl\/de\/#organization\",\"name\":\"Maril\",\"url\":\"https:\/\/maril.nl\/de\/\",\"logo\":{\"@type\":\"ImageObject\",\"inLanguage\":\"de-DE\",\"@id\":\"https:\/\/maril.nl\/de\/#\/schema\/logo\/image\/\",\"url\":\"https:\/\/maril.nl:443\/content\/uploads\/sites\/2\/2021\/07\/maril.png\",\"contentUrl\":\"https:\/\/maril.nl:443\/content\/uploads\/sites\/2\/2021\/07\/maril.png\",\"width\":360,\"height\":96,\"caption\":\"Maril\"},\"image\":{\"@id\":\"https:\/\/maril.nl\/de\/#\/schema\/logo\/image\/\"},\"sameAs\":[\"https:\/\/www.facebook.com\/Marilsloepen\",\"https:\/\/x.com\/MarilBoats\",\"https:\/\/www.instagram.com\/marilboats\/\",\"https:\/\/www.youtube.com\/channel\/UCnnRWdfwcidTArpRD_4j6bg\"]}]}<\/script>\n<!-- \/ Yoast SEO plugin. -->","yoast_head_json":{"title":"\u00dcber Maril - Maril","description":"Maril-Schaluppen; ein klassisches Design mit modernem Schliff.","robots":{"index":"index","follow":"follow","max-snippet":"max-snippet:-1","max-image-preview":"max-image-preview:large","max-video-preview":"max-video-preview:-1"},"canonical":"https:\/\/maril.nl\/de\/ueber-maril\/","og_locale":"de_DE","og_type":"article","og_title":"\u00dcber Maril - Maril","og_description":"Maril-Schaluppen; ein klassisches Design mit modernem Schliff.","og_url":"https:\/\/maril.nl\/de\/ueber-maril\/","og_site_name":"Maril","article_publisher":"https:\/\/www.facebook.com\/Marilsloepen","article_modified_time":"2022-09-06T13:06:26+00:00","og_image":[{"url":"https:\/\/maril.nl:443\/content\/uploads\/sites\/2\/2021\/09\/Maril-625-sloep-varend-100-scaled.jpg","type":"","width":"","height":""}],"twitter_card":"summary_large_image","twitter_site":"@MarilBoats","twitter_misc":{"Est. reading time":"3 minutes"},"schema":{"@context":"https:\/\/schema.org","@graph":[{"@type":"WebPage","@id":"https:\/\/maril.nl\/de\/ueber-maril\/","url":"https:\/\/maril.nl\/de\/ueber-maril\/","name":"\u00dcber Maril - Maril","isPartOf":{"@id":"https:\/\/maril.nl\/de\/#website"},"primaryImageOfPage":{"@id":"https:\/\/maril.nl\/de\/ueber-maril\/#primaryimage"},"image":{"@id":"https:\/\/maril.nl\/de\/ueber-maril\/#primaryimage"},"thumbnailUrl":"https:\/\/maril.nl:443\/content\/uploads\/sites\/2\/2021\/09\/Maril-625-sloep-varend-100-scaled.jpg","datePublished":"2022-01-21T09:55:22+00:00","dateModified":"2022-09-06T13:06:26+00:00","description":"Maril-Schaluppen; ein klassisches Design mit modernem Schliff.","breadcrumb":{"@id":"https:\/\/maril.nl\/de\/ueber-maril\/#breadcrumb"},"inLanguage":"de-DE","potentialAction":[{"@type":"ReadAction","target":["https:\/\/maril.nl\/de\/ueber-maril\/"]}]},{"@type":"ImageObject","inLanguage":"de-DE","@id":"https:\/\/maril.nl\/de\/ueber-maril\/#primaryimage","url":"https:\/\/maril.nl:443\/content\/uploads\/sites\/2\/2021\/09\/Maril-625-sloep-varend-100-scaled.jpg","contentUrl":"https:\/\/maril.nl:443\/content\/uploads\/sites\/2\/2021\/09\/Maril-625-sloep-varend-100-scaled.jpg"},{"@type":"BreadcrumbList","@id":"https:\/\/maril.nl\/de\/ueber-maril\/#breadcrumb","itemListElement":[{"@type":"ListItem","position":1,"name":"Home","item":"https:\/\/maril.nl\/de\/"},{"@type":"ListItem","position":2,"name":"\u00dcber Maril"}]},{"@type":"WebSite","@id":"https:\/\/maril.nl\/de\/#website","url":"https:\/\/maril.nl\/de\/","name":"Maril","description":"Kiezen voor vertrouwen","publisher":{"@id":"https:\/\/maril.nl\/de\/#organization"},"potentialAction":[{"@type":"SearchAction","target":{"@type":"EntryPoint","urlTemplate":"https:\/\/maril.nl\/de\/?s={search_term_string}"},"query-input":{"@type":"PropertyValueSpecification","valueRequired":true,"valueName":"search_term_string"}}],"inLanguage":"de-DE"},{"@type":"Organization","@id":"https:\/\/maril.nl\/de\/#organization","name":"Maril","url":"https:\/\/maril.nl\/de\/","logo":{"@type":"ImageObject","inLanguage":"de-DE","@id":"https:\/\/maril.nl\/de\/#\/schema\/logo\/image\/","url":"https:\/\/maril.nl:443\/content\/uploads\/sites\/2\/2021\/07\/maril.png","contentUrl":"https:\/\/maril.nl:443\/content\/uploads\/sites\/2\/2021\/07\/maril.png","width":360,"height":96,"caption":"Maril"},"image":{"@id":"https:\/\/maril.nl\/de\/#\/schema\/logo\/image\/"},"sameAs":["https:\/\/www.facebook.com\/Marilsloepen","https:\/\/x.com\/MarilBoats","https:\/\/www.instagram.com\/marilboats\/","https:\/\/www.youtube.com\/channel\/UCnnRWdfwcidTArpRD_4j6bg"]}]}},"_links":{"self":[{"href":"https:\/\/maril.nl\/de\/wp-json\/wp\/v2\/pages\/3587","targetHints":{"allow":["GET"]}}],"collection":[{"href":"https:\/\/maril.nl\/de\/wp-json\/wp\/v2\/pages"}],"about":[{"href":"https:\/\/maril.nl\/de\/wp-json\/wp\/v2\/types\/page"}],"author":[{"embeddable":true,"href":"https:\/\/maril.nl\/de\/wp-json\/wp\/v2\/users\/3"}],"replies":[{"embeddable":true,"href":"https:\/\/maril.nl\/de\/wp-json\/wp\/v2\/comments?post=3587"}],"version-history":[{"count":6,"href":"https:\/\/maril.nl\/de\/wp-json\/wp\/v2\/pages\/3587\/revisions"}],"predecessor-version":[{"id":7389,"href":"https:\/\/maril.nl\/de\/wp-json\/wp\/v2\/pages\/3587\/revisions\/7389"}],"wp:attachment":[{"href":"https:\/\/maril.nl\/de\/wp-json\/wp\/v2\/media?parent=3587"}],"wp:term":[{"taxonomy":"folder","embeddable":true,"href":"https:\/\/maril.nl\/de\/wp-json\/wp\/v2\/folder?post=3587"}],"curies":[{"name":"wp","href":"https:\/\/api.w.org\/{rel}","templated":true}]}}